{"id":42,"date":"2023-08-29T09:14:38","date_gmt":"2023-08-29T09:14:38","guid":{"rendered":"https:\/\/new.dmcmarket.com\/?page_id=42"},"modified":"2023-09-02T04:59:44","modified_gmt":"2023-09-02T04:59:44","slug":"contacto","status":"publish","type":"page","link":"https:\/\/new.dmcmarket.com\/index.php\/contacto\/","title":{"rendered":"Contacto"},"content":{"rendered":"<p>[et_pb_section fb_built=\u00bb1&#8243; specialty=\u00bbon\u00bb admin_label=\u00bbHeader\u00bb _builder_version=\u00bb4.22.1&#8243; background_enable_image=\u00bboff\u00bb background_size=\u00bbinitial\u00bb background_position=\u00bbtop_right\u00bb bottom_divider_style=\u00bbwave\u00bb bottom_divider_color=\u00bb#001C43&#8243; bottom_divider_height=\u00bb10vw\u00bb bottom_divider_flip=\u00bbhorizontal\u00bb global_colors_info=\u00bb{}\u00bb][et_pb_column type=\u00bb1_2&#8243; _builder_version=\u00bb4.16&#8243; custom_padding=\u00bb|||\u00bb global_colors_info=\u00bb{}\u00bb custom_padding__hover=\u00bb|||\u00bb][et_pb_text _builder_version=\u00bb4.22.1&#8243; text_font=\u00bbMontserrat||||||||\u00bb text_line_height=\u00bb1.3em\u00bb header_font=\u00bbMontserrat|600|||||||\u00bb header_font_size=\u00bb25px\u00bb header_line_height=\u00bb1.3em\u00bb header_2_font=\u00bbMontserrat|700|||||||\u00bb header_2_font_size=\u00bb60px\u00bb header_2_line_height=\u00bb1.4em\u00bb header_3_font=\u00bb||||||||\u00bb header_4_font=\u00bb||||||||\u00bb header_5_font=\u00bb||||||||\u00bb header_6_font=\u00bb||||||||\u00bb hover_enabled=\u00bb0&#8243; header_font_size_tablet=\u00bb\u00bb header_font_size_phone=\u00bb20px\u00bb header_font_size_last_edited=\u00bbon|desktop\u00bb header_2_font_size_tablet=\u00bb50px\u00bb header_2_font_size_phone=\u00bb30px\u00bb header_2_font_size_last_edited=\u00bbon|desktop\u00bb locked=\u00bboff\u00bb global_colors_info=\u00bb{}\u00bb sticky_enabled=\u00bb0&#8243; text_font_size=\u00bb20px\u00bb]<\/p>\n<h2>Cont\u00e1ctanos<\/h2>\n<h1>Env\u00edanos tu petici\u00f3n sin compromiso y\u00a0te pondremos en contacto con el receptivo de tu inter\u00e9s lo m\u00e1s pronto posible<\/h1>\n<p>[\/et_pb_text][et_pb_blurb use_icon=\u00bbon\u00bb font_icon=\u00bb&#xe076;||divi||400&#8243; icon_color=\u00bb#ffffff\u00bb image_icon_background_color=\u00bb#001C43&#8243; icon_placement=\u00bbleft\u00bb image_icon_width=\u00bb16px\u00bb content_max_width=\u00bb1100px\u00bb _builder_version=\u00bb4.22.1&#8243; header_level=\u00bbh5&#8243; header_font=\u00bbMontserrat|700||on|||||\u00bb header_text_color=\u00bb#000000&#8243; header_letter_spacing=\u00bb1px\u00bb header_line_height=\u00bb2em\u00bb body_font=\u00bbMontserrat||||||||\u00bb body_line_height=\u00bb1.6em\u00bb image_icon_custom_padding=\u00bb8px|8px|8px|8px|false|false\u00bb custom_padding=\u00bb|||\u00bb animation=\u00bboff\u00bb hover_enabled=\u00bb0&#8243; border_radii=\u00bbon|10px|10px|10px|10px\u00bb border_radii_image=\u00bbon|100%|100%|100%|100%\u00bb use_circle=\u00bbon\u00bb circle_color=\u00bb#f5ba6a\u00bb locked=\u00bboff\u00bb global_colors_info=\u00bb{}\u00bb image_icon_background_color__sticky_enabled=\u00bb#001c43&#8243; image_icon_background_color__sticky=\u00bb#001c43&#8243; body_font_size=\u00bb18px\u00bb sticky_enabled=\u00bb0&#8243; body_font_size_last_edited=\u00bbon|phone\u00bb body_font_size_phone=\u00bb16px\u00bb body_font_size_tablet=\u00bb18px\u00bb]<\/p>\n<p>info@dmcmarket.com<\/p>\n<p>[\/et_pb_blurb][et_pb_blurb use_icon=\u00bbon\u00bb font_icon=\u00bb&#xe090;||divi||400&#8243; icon_color=\u00bb#ffffff\u00bb image_icon_background_color=\u00bb#F72A3E\u00bb icon_placement=\u00bbleft\u00bb image_icon_width=\u00bb16px\u00bb content_max_width=\u00bb1100px\u00bb _builder_version=\u00bb4.22.1&#8243; header_level=\u00bbh5&#8243; header_font=\u00bbMontserrat|700||on|||||\u00bb header_text_color=\u00bb#000000&#8243; header_font_size=\u00bb14px\u00bb header_letter_spacing=\u00bb1px\u00bb header_line_height=\u00bb2em\u00bb body_font=\u00bbMontserrat||||||||\u00bb body_line_height=\u00bb0.9em\u00bb image_icon_custom_padding=\u00bb8px|8px|8px|8px|false|false\u00bb custom_padding=\u00bb|||\u00bb animation=\u00bboff\u00bb hover_enabled=\u00bb0&#8243; border_radii=\u00bbon|10px|10px|10px|10px\u00bb border_radii_image=\u00bbon|100%|100%|100%|100%\u00bb use_circle=\u00bbon\u00bb circle_color=\u00bb#cc6b59&#8243; locked=\u00bboff\u00bb global_colors_info=\u00bb{}\u00bb image_icon_background_color__sticky_enabled=\u00bb#001c43&#8243; image_icon_background_color__sticky=\u00bb#001c43&#8243; body_font_size=\u00bb18px\u00bb sticky_enabled=\u00bb0&#8243; body_font_size_last_edited=\u00bbon|phone\u00bb body_font_size_phone=\u00bb16px\u00bb body_font_size_tablet=\u00bb18px\u00bb]<\/p>\n<p>+34 660 42 57 70<\/p>\n<p>+34 690 78 99 67<\/p>\n<p>[\/et_pb_blurb][et_pb_blurb url=\u00bbhttps:\/\/www.instagram.com\/dmcmarket_receptivosdelmundo\/\u00bb url_new_window=\u00bbon\u00bb use_icon=\u00bbon\u00bb font_icon=\u00bb&#xe09a;||divi||400&#8243; icon_color=\u00bb#ffffff\u00bb image_icon_background_color=\u00bb#FF5E6C\u00bb icon_placement=\u00bbleft\u00bb image_icon_width=\u00bb16px\u00bb content_max_width=\u00bb1100px\u00bb _builder_version=\u00bb4.22.1&#8243; header_level=\u00bbh5&#8243; header_font=\u00bbMontserrat|500|||||||\u00bb header_text_color=\u00bb#001C43&#8243; header_font_size=\u00bb18px\u00bb header_line_height=\u00bb1.3em\u00bb body_font=\u00bbMontserrat||||||||\u00bb body_line_height=\u00bb1.6em\u00bb image_icon_custom_padding=\u00bb8px|8px|8px|8px|false|false\u00bb custom_padding=\u00bb|||\u00bb animation=\u00bboff\u00bb hover_enabled=\u00bb0&#8243; border_radii=\u00bbon|10px|10px|10px|10px\u00bb border_radii_image=\u00bbon|100%|100%|100%|100%\u00bb use_circle=\u00bbon\u00bb circle_color=\u00bb#15c39a\u00bb locked=\u00bboff\u00bb global_colors_info=\u00bb{}\u00bb image_icon_background_color__sticky_enabled=\u00bb#001c43&#8243; image_icon_background_color__sticky=\u00bb#001c43&#8243; sticky_enabled=\u00bb0&#8243; header_font_size_last_edited=\u00bbon|phone\u00bb header_font_size_phone=\u00bb16px\u00bb body_text_color=\u00bb#001C43&#8243; body_font_size=\u00bb18px\u00bb body_font_size_last_edited=\u00bbon|desktop\u00bb body_letter_spacing_last_edited=\u00bboff|phone\u00bb body_font_size_phone=\u00bb16px\u00bb header_font_size_tablet=\u00bb18px\u00bb body_font_size_tablet=\u00bb18px\u00bb]<\/p>\n<p><a href=\"https:\/\/www.instagram.com\/dmcmarket_receptivosdelmundo\/\" target=\"_blank\" rel=\"noopener\">\u00a1S\u00edguenos en Instagram!<\/a><\/p>\n<p>[\/et_pb_blurb][\/et_pb_column][et_pb_column type=\u00bb1_2&#8243; specialty_columns=\u00bb2&#8243; _builder_version=\u00bb4.16&#8243; custom_padding=\u00bb|||\u00bb global_colors_info=\u00bb{}\u00bb custom_padding__hover=\u00bb|||\u00bb][et_pb_row_inner _builder_version=\u00bb4.16&#8243; background_color=\u00bb#ffffff\u00bb custom_padding=\u00bb50px|40px|50px|40px|true|true\u00bb animation_style=\u00bbzoom\u00bb animation_intensity_zoom=\u00bb20%\u00bb border_radii=\u00bbon|24px|24px|24px|24px\u00bb box_shadow_style=\u00bbpreset1&#8243; box_shadow_vertical=\u00bb90px\u00bb box_shadow_blur=\u00bb160px\u00bb box_shadow_color=\u00bbrgba(0,0,0,0.06)\u00bb global_colors_info=\u00bb{}\u00bb][et_pb_column_inner saved_specialty_column_type=\u00bb1_2&#8243; _builder_version=\u00bb4.16&#8243; custom_padding=\u00bb|||\u00bb global_colors_info=\u00bb{}\u00bb custom_padding__hover=\u00bb|||\u00bb][et_pb_contact_form captcha=\u00bboff\u00bb module_id=\u00bbet_pb_contact_form_0&#8243; _builder_version=\u00bb4.22.1&#8243; form_field_background_color=\u00bb#f8fafe\u00bb form_field_font=\u00bb||||||||\u00bb custom_button=\u00bbon\u00bb button_text_size=\u00bb13px\u00bb button_text_color=\u00bb#ffffff\u00bb button_bg_color=\u00bb#001C43&#8243; button_border_width=\u00bb10px\u00bb button_border_color=\u00bbrgba(0,0,0,0)\u00bb button_border_radius=\u00bb100px\u00bb button_letter_spacing=\u00bb2px\u00bb button_font=\u00bbMontserrat|500||on|||||\u00bb button_use_icon=\u00bboff\u00bb custom_padding=\u00bb|||\u00bb hover_enabled=\u00bb0&#8243; border_radii=\u00bbon|5px|5px|5px|5px\u00bb box_shadow_style_button=\u00bbpreset1&#8243; box_shadow_vertical_button=\u00bb10px\u00bb box_shadow_blur_button=\u00bb20px\u00bb box_shadow_color_button=\u00bbrgba(0,28,67,0.22)\u00bb form_background_color=\u00bb#f8fafe\u00bb locked=\u00bboff\u00bb global_colors_info=\u00bb{}\u00bb email=\u00bbinfo@dmcmarket.com\u00bb use_redirect=\u00bbon\u00bb redirect_url=\u00bbwww.dmcmarket.com\u00bb success_message=\u00bb\u00a1Muchas gracias por tu mensaje! Pronto te enviaremos una respuesta.\u00bb sticky_enabled=\u00bb0&#8243;][et_pb_contact_field field_id=\u00bbName\u00bb field_title=\u00bbNombre\u00bb fullwidth_field=\u00bbon\u00bb _builder_version=\u00bb4.22.1&#8243; custom_margin=\u00bb|||\u00bb global_colors_info=\u00bb{}\u00bb button_text_size__hover_enabled=\u00bboff\u00bb button_one_text_size__hover_enabled=\u00bboff\u00bb button_two_text_size__hover_enabled=\u00bboff\u00bb button_text_color__hover_enabled=\u00bboff\u00bb button_one_text_color__hover_enabled=\u00bboff\u00bb button_two_text_color__hover_enabled=\u00bboff\u00bb button_border_width__hover_enabled=\u00bboff\u00bb button_one_border_width__hover_enabled=\u00bboff\u00bb button_two_border_width__hover_enabled=\u00bboff\u00bb button_border_color__hover_enabled=\u00bboff\u00bb button_one_border_color__hover_enabled=\u00bboff\u00bb button_two_border_color__hover_enabled=\u00bboff\u00bb button_border_radius__hover_enabled=\u00bboff\u00bb button_one_border_radius__hover_enabled=\u00bboff\u00bb button_two_border_radius__hover_enabled=\u00bboff\u00bb button_letter_spacing__hover_enabled=\u00bboff\u00bb button_one_letter_spacing__hover_enabled=\u00bboff\u00bb button_two_letter_spacing__hover_enabled=\u00bboff\u00bb button_bg_color__hover_enabled=\u00bboff\u00bb button_one_bg_color__hover_enabled=\u00bboff\u00bb button_two_bg_color__hover_enabled=\u00bboff\u00bb][\/et_pb_contact_field][et_pb_contact_field field_id=\u00bbEmail\u00bb field_title=\u00bbEmail\u00bb field_type=\u00bbemail\u00bb fullwidth_field=\u00bbon\u00bb _builder_version=\u00bb4.22.1&#8243; custom_margin=\u00bb|||\u00bb global_colors_info=\u00bb{}\u00bb button_text_size__hover_enabled=\u00bboff\u00bb button_one_text_size__hover_enabled=\u00bboff\u00bb button_two_text_size__hover_enabled=\u00bboff\u00bb button_text_color__hover_enabled=\u00bboff\u00bb button_one_text_color__hover_enabled=\u00bboff\u00bb button_two_text_color__hover_enabled=\u00bboff\u00bb button_border_width__hover_enabled=\u00bboff\u00bb button_one_border_width__hover_enabled=\u00bboff\u00bb button_two_border_width__hover_enabled=\u00bboff\u00bb button_border_color__hover_enabled=\u00bboff\u00bb button_one_border_color__hover_enabled=\u00bboff\u00bb button_two_border_color__hover_enabled=\u00bboff\u00bb button_border_radius__hover_enabled=\u00bboff\u00bb button_one_border_radius__hover_enabled=\u00bboff\u00bb button_two_border_radius__hover_enabled=\u00bboff\u00bb button_letter_spacing__hover_enabled=\u00bboff\u00bb button_one_letter_spacing__hover_enabled=\u00bboff\u00bb button_two_letter_spacing__hover_enabled=\u00bboff\u00bb button_bg_color__hover_enabled=\u00bboff\u00bb button_one_bg_color__hover_enabled=\u00bboff\u00bb button_two_bg_color__hover_enabled=\u00bboff\u00bb][\/et_pb_contact_field][et_pb_contact_field field_id=\u00bbMessage\u00bb field_title=\u00bbMensaje\u00bb field_type=\u00bbtext\u00bb fullwidth_field=\u00bbon\u00bb _builder_version=\u00bb4.22.1&#8243; custom_margin=\u00bb||40px|\u00bb global_colors_info=\u00bb{}\u00bb button_text_size__hover_enabled=\u00bboff\u00bb button_one_text_size__hover_enabled=\u00bboff\u00bb button_two_text_size__hover_enabled=\u00bboff\u00bb button_text_color__hover_enabled=\u00bboff\u00bb button_one_text_color__hover_enabled=\u00bboff\u00bb button_two_text_color__hover_enabled=\u00bboff\u00bb button_border_width__hover_enabled=\u00bboff\u00bb button_one_border_width__hover_enabled=\u00bboff\u00bb button_two_border_width__hover_enabled=\u00bboff\u00bb button_border_color__hover_enabled=\u00bboff\u00bb button_one_border_color__hover_enabled=\u00bboff\u00bb button_two_border_color__hover_enabled=\u00bboff\u00bb button_border_radius__hover_enabled=\u00bboff\u00bb button_one_border_radius__hover_enabled=\u00bboff\u00bb button_two_border_radius__hover_enabled=\u00bboff\u00bb button_letter_spacing__hover_enabled=\u00bboff\u00bb button_one_letter_spacing__hover_enabled=\u00bboff\u00bb button_two_letter_spacing__hover_enabled=\u00bboff\u00bb button_bg_color__hover_enabled=\u00bboff\u00bb button_one_bg_color__hover_enabled=\u00bboff\u00bb button_two_bg_color__hover_enabled=\u00bboff\u00bb][\/et_pb_contact_field][\/et_pb_contact_form][\/et_pb_column_inner][\/et_pb_row_inner][\/et_pb_column][\/et_pb_section]<\/p>\n","protected":false},"excerpt":{"rendered":"<p>Cont\u00e1ctanos Env\u00edanos tu petici\u00f3n sin compromiso y\u00a0te pondremos en contacto con el receptivo de tu inter\u00e9s lo m\u00e1s pronto posibleinfo@dmcmarket.com+34 660 42 57 70 +34 690 78 99 67\u00a1S\u00edguenos en Instagram!<\/p>\n","protected":false},"author":1,"featured_media":0,"parent":0,"menu_order":0,"comment_status":"closed","ping_status":"closed","template":"","meta":{"_et_pb_use_builder":"on","_et_pb_old_content":"","_et_gb_content_width":"","footnotes":""},"class_list":["post-42","page","type-page","status-publish","hentry"],"_links":{"self":[{"href":"https:\/\/new.dmcmarket.com\/index.php\/wp-json\/wp\/v2\/pages\/42","targetHints":{"allow":["GET"]}}],"collection":[{"href":"https:\/\/new.dmcmarket.com\/index.php\/wp-json\/wp\/v2\/pages"}],"about":[{"href":"https:\/\/new.dmcmarket.com\/index.php\/wp-json\/wp\/v2\/types\/page"}],"author":[{"embeddable":true,"href":"https:\/\/new.dmcmarket.com\/index.php\/wp-json\/wp\/v2\/users\/1"}],"replies":[{"embeddable":true,"href":"https:\/\/new.dmcmarket.com\/index.php\/wp-json\/wp\/v2\/comments?post=42"}],"version-history":[{"count":10,"href":"https:\/\/new.dmcmarket.com\/index.php\/wp-json\/wp\/v2\/pages\/42\/revisions"}],"predecessor-version":[{"id":563,"href":"https:\/\/new.dmcmarket.com\/index.php\/wp-json\/wp\/v2\/pages\/42\/revisions\/563"}],"wp:attachment":[{"href":"https:\/\/new.dmcmarket.com\/index.php\/wp-json\/wp\/v2\/media?parent=42"}],"curies":[{"name":"wp","href":"https:\/\/api.w.org\/{rel}","templated":true}]}}